{"id":3,"date":"2021-07-12T07:54:19","date_gmt":"2021-07-12T07:54:19","guid":{"rendered":"https:\/\/provider-group.com\/?page_id=3"},"modified":"2025-02-07T13:44:49","modified_gmt":"2025-02-07T13:44:49","slug":"privacy-policy","status":"publish","type":"page","link":"https:\/\/provider-group.com\/pl\/privacy-policy\/","title":{"rendered":"Polityka Prywatno\u015bci"},"content":{"rendered":"<ul class=\"wp-block-list\">\n<li>Controller \u2013\u00a0 Provider Sp. z o. o, Rynek 60, 50-116 Wroc\u0142aw<\/li>\n\n\n\n<li>Dane osobowe \u2013 oznaczaj\u0105 informacje o zidentyfikowanej lub mo\u017cliwej do zidentyfikowania osobie fizycznej (osobie, kt\u00f3rej dane dotycz\u0105); mo\u017cliwa do zidentyfikowania osoba fizyczna to osoba, kt\u00f3r\u0105 mo\u017cna bezpo\u015brednio lub po\u015brednio zidentyfikowa\u0107, w szczeg\u00f3lno\u015bci na podstawie identyfikatora takiego jak imi\u0119 i nazwisko, numer identyfikacyjny, dane o lokalizacji, identyfikator internetowy lub jeden b\u0105d\u017a kilka szczeg\u00f3lnych czynnik\u00f3w okre\u015blaj\u0105cych fizyczn\u0105, fizjologiczn\u0105, genetyczn\u0105, psychiczn\u0105, ekonomiczn\u0105, kulturow\u0105 lub spo\u0142eczn\u0105 to\u017csamo\u015b\u0107 osoby fizycznej.<\/li>\n\n\n\n<li>Polityka \u2013 niniejszy dokument<\/li>\n\n\n\n<li>RODO \u2013 Rozporz\u0105dzenie Parlamentu Europejskiego i Rady (UE) 2016\/679 z dnia 27 kwietnia 2016 r. w sprawie ochrony os\u00f3b fizycznych w zwi\u0105zku z przetwarzaniem danych osobowych i w sprawie swobodnego przep\u0142ywu takich danych oraz uchylenia dyrektywy 95\/46\/WE.<\/li>\n\n\n\n<li>Strona internetowa \u2013 strona internetowa prowadzona przez Administratora pod adresem provider-group.com<\/li>\n\n\n\n<li>U\u017cytkownik \u2013osoba fizyczna odwiedzaj\u0105ca Stron\u0119 internetow\u0105 provider-group.com<\/li>\n<\/ul>\n\n\n\n<p><strong>W zwi\u0105zku z korzystaniem przez U\u017cytkownika ze strony internetowej Administrator zbiera dane osobowe w zakresie niezb\u0119dnym do \u015bwiadczenia poszczeg\u00f3lnych oferowanych us\u0142ug, a tak\u017ce informacje o aktywno\u015bci U\u017cytkownika. Dane osobowe wszystkich os\u00f3b korzystaj\u0105cych ze strony internetowej (w tym adres IP lub inne identyfikatory oraz informacje gromadzone za po\u015brednictwem plik\u00f3w cookies lub innych podobnych technologii), przetwarzane s\u0105 przez Administratora:<\/strong><\/p>\n\n\n\n<ul class=\"wp-block-list\">\n<li>w celu \u015bwiadczenia us\u0142ug drog\u0105 elektroniczn\u0105 w zakresie udost\u0119pniana U\u017cytkownikom tre\u015bci gromadzonych na stronie internetowej, udost\u0119pniania formularzy kontaktowych \u2013 w\u00f3wczas podstaw\u0105 prawn\u0105 przetwarzania jest niezb\u0119dno\u015b\u0107 przetwarzania do wykonania umowy (art. 6 ust. 1 lit. b RODO);<\/li>\n\n\n\n<li>w celach analitycznych i statystycznych \u2013 w\u00f3wczas podstaw\u0105 prawn\u0105 przetwarzania jest uzasadniony interes Administratora (art. 6 ust. 1 lit f RODO) polegaj\u0105cy na prowadzeniu analiz aktywno\u015bci U\u017cytkownik\u00f3w, a tak\u017ce ich preferencji w celu poprawy stosowanych funkcjonalno\u015bci i \u015bwiadczonych us\u0142ug;<\/li>\n\n\n\n<li>w celu ewentualnego ustalenia i dochodzenia roszcze\u0144 lub obrony przed nimi \u2013 podstaw\u0105 prawn\u0105 przetwarzania jest uzasadniony interes Administratora (art. 6 ust. 1 lit f RODO) polegaj\u0105cy na ochronie jego praw;<\/li>\n\n\n\n<li>w celach marketingowych Administratora,<\/li>\n<\/ul>\n\n\n\n<p>Aktywno\u015b\u0107 U\u017cytkownika na stronie internetowej, w tym jego dane osobowe, s\u0105 rejestrowane w logach systemowych (specjalnym programie komputerowym s\u0142u\u017c\u0105cym do przechowywania chronologicznego zapisu zawieraj\u0105cego informacj\u0119 o zdarzeniach i dzia\u0142aniach dotycz\u0105cych systemu informatycznego s\u0142u\u017c\u0105cego do \u015bwiadczenia us\u0142ug przez Administratora). Zebrane w logach informacje przetwarzane w zwi\u0105zku ze \u015bwiadczeniem us\u0142ug. Administrator przetwarza je r\u00f3wnie\u017c w celach technicznych w szczeg\u00f3lno\u015bci, dane mog\u0105 by\u0107 tymczasowo przechowywane i przetwarzane w celu zapewnienia bezpiecze\u0144stwa i poprawnego funkcjonowania system\u00f3w informatycznych, np. w zwi\u0105zku z wykonywaniem kopii bezpiecze\u0144stwa, testami zmian w systemach informatycznych, wykrywania nieprawid\u0142owo\u015bci lub ochron\u0105 przed nadu\u017cyciami i atakami.<\/p>\n\n\n\n<p><strong>Administrator zapewnia mo\u017cliwo\u015b\u0107 skontaktowania si\u0119 z nim przy wykorzystaniu elektronicznych formularzy kontaktowych. Skorzystanie z formularza wymaga podania danych osobowych niezb\u0119dnych do skontaktowania si\u0119 z U\u017cytkownikiem i udzielenia odpowiedzi na zapytanie. U\u017cytkownik mo\u017ce poda\u0107 tak\u017ce inne dane w celu u\u0142atwienia kontaktu lub obs\u0142ugi zapytania. Podanie danych oznaczonych jako obowi\u0105zkowe jest wymagane w celu przyj\u0119cia i obs\u0142ugi zapytania, a ich niepodanie skutkuje brakiem mo\u017cliwo\u015bci obs\u0142ugi. Podanie pozosta\u0142ych danych jest dobrowolne. Dane osobowe przekazywane za po\u015brednictwem formularza kontaktowego s\u0105 przetwarzane:<\/strong><\/p>\n\n\n\n<ul class=\"wp-block-list\">\n<li>w celu identyfikacji nadawcy oraz obs\u0142ugi jego zapytania przes\u0142anego przez udost\u0119pniony formularz \u2013 podstaw\u0105 prawn\u0105 przetwarzania jest niezb\u0119dno\u015b\u0107 przetwarzania do wykonania umowy o \u015bwiadczenie us\u0142ugi (art. 6 ust. 1 lit. b RODO);<\/li>\n\n\n\n<li>w celach analitycznych i statystycznych \u2013 podstaw\u0105 prawn\u0105 przetwarzania jest uzasadniony interes Administratora (art. 6 ust. 1 lit. f RODO) polegaj\u0105cy na prowadzeniu statystyk zapyta\u0144 zg\u0142aszanych przez U\u017cytkownik\u00f3w za po\u015brednictwem Serwisu w celu doskonalenia jego funkcjonalno\u015bci.<\/li>\n<\/ul>\n\n\n\n<p><strong>Administrator przetwarza dane osobowe U\u017cytkownik\u00f3w w celu realizowania dzia\u0142a\u0144 marketingowych (podstaw\u0105 przetwarzania danych osobowych jest w\u00f3wczas realizacja uzasadnionego interesu Administratora (art. 6 ust. 1 lit. f RODO)), kt\u00f3re mog\u0105 polega\u0107 na:<\/strong><\/p>\n\n\n\n<ul class=\"wp-block-list\">\n<li>wy\u015bwietlaniu U\u017cytkownikowi tre\u015bci marketingowych (reklama kontekstowa);<\/li>\n\n\n\n<li>kierowaniu e-mailowych powiadomie\u0144 o interesuj\u0105cych ofertach lub tre\u015bciach, kt\u00f3re w niekt\u00f3rych przypadkach zawieraj\u0105 informacje handlowe;<\/li>\n\n\n\n<li>prowadzeniu innego rodzaju dzia\u0142a\u0144 zwi\u0105zanych z marketingiem bezpo\u015brednim towar\u00f3w i us\u0142ug (przesy\u0142anie informacji handlowych drog\u0105 elektroniczn\u0105 oraz dzia\u0142ania telemarketingowe).<\/li>\n<\/ul>\n\n\n\n<p>W celu realizowania dzia\u0142a\u0144 marketingowych Administrator w niekt\u00f3rych przypadkach wykorzystuje profilowanie. Oznacza to, \u017ce dzi\u0119ki automatycznemu przetwarzaniu danych Administrator dokonuje oceny wybranych czynnik\u00f3w dotycz\u0105cych os\u00f3b fizycznych w celu analizy ich zachowania lub stworzenia prognozy na przysz\u0142o\u015b\u0107. Zgoda na realizowanie dzia\u0142a\u0144 marketingowych mo\u017ce by\u0107 w ka\u017cdym momencie wycofana. Je\u017celi U\u017cytkownik wyrazi\u0142 zgod\u0119 na otrzymywanie informacji marketingowych za po\u015brednictwem e-mail, SMS oraz innych \u015brodk\u00f3w komunikacji elektronicznej, dane osobowe U\u017cytkownika b\u0119d\u0105 przetwarzane dla celu wys\u0142ania takich informacji. Podstaw\u0105 przetwarzania danych jest uzasadniony interes polegaj\u0105cy na wysy\u0142ce informacji marketingowych w granicach udzielonej przez U\u017cytkownika zgody (marketing bezpo\u015bredni). U\u017cytkownik ma prawo sprzeciwu wobec przetwarzania danych na potrzeby marketingu bezpo\u015bredniego, w tym profilowania. Dane b\u0119d\u0105 przechowywane w tym celu przez okres istnienia prawnie uzasadnionego interesu 2 lat, chyba \u017ce U\u017cytkownik sprzeciwi si\u0119 otrzymywaniu informacji marketingowych.<\/p>\n\n\n\n<p><strong>Pliki cookies to ma\u0142e pliki tekstowe instalowane na urz\u0105dzeniu U\u017cytkownika przegl\u0105daj\u0105cego Stron\u0119 internetow\u0105. Cookies zbieraj\u0105 informacje u\u0142atwiaj\u0105ce korzystanie ze strony internetowej \u2013 np. poprzez zapami\u0119tywanie odwiedzin U\u017cytkownika i dokonywanych przez niego czynno\u015bci. Administrator wykorzystuje tzw. cookie serwisowe przede wszystkim w celu dostarczania U\u017cytkownikowi us\u0142ug \u015bwiadczonych drog\u0105 elektroniczn\u0105 oraz poprawy jako\u015bci tych us\u0142ug. W zwi\u0105zku z tym Administrator oraz inne podmioty \u015bwiadcz\u0105ce na jego rzecz us\u0142ugi analityczne i statystyczne korzystaj\u0105 z plik\u00f3w cookies, przechowuj\u0105c informacje lub uzyskuj\u0105c dost\u0119p do informacji ju\u017c przechowywanych w telekomunikacyjnym urz\u0105dzeniu ko\u0144cowym U\u017cytkownika (komputer, telefon, tablet itp.). Pliki cookies wykorzystywane w tym celu obejmuj\u0105:<\/strong><\/p>\n\n\n\n<ul class=\"wp-block-list\">\n<li>pliki cookies z danymi wprowadzanymi przez U\u017cytkownika (identyfikator sesji) na czas trwania sesji,<\/li>\n\n\n\n<li>uwierzytelniaj\u0105ce pliki cookies wykorzystywane do us\u0142ug wymagaj\u0105cych uwierzytelniania na czas trwania sesji,<\/li>\n\n\n\n<li>pliki cookies s\u0142u\u017c\u0105ce do zapewnienia bezpiecze\u0144stwa, np. wykorzystywane do wykrywania nadu\u017cy\u0107 w zakresie uwierzytelniania,<\/li>\n\n\n\n<li>pliki cookies s\u0142u\u017c\u0105ce do monitorowania ruchu na stronie internetowej, tj. analityki danych, do tworzenia statystyk i raport\u00f3w dotycz\u0105cych funkcjonowania Serwisu).<\/li>\n<\/ul>\n\n\n\n<p>Administrator wykorzystuje r\u00f3wnie\u017c pliki cookies do cel\u00f3w marketingowych. W tym celu Administrator przechowuje informacje lub uzyskuje dost\u0119p do informacji ju\u017c przechowywanych w telekomunikacyjnym urz\u0105dzeniu ko\u0144cowym U\u017cytkownika (komputer, telefon, tablet itp.). Wykorzystanie plik\u00f3w cookies oraz zebranych za ich po\u015brednictwem danych osobowych w celach marketingowych, w szczeg\u00f3lno\u015bci w zakresie promowania us\u0142ug i towar\u00f3w podmiot\u00f3w trzecich, wymaga uzyskania zgody U\u017cytkownika. Zgoda ta mo\u017ce by\u0107 wyra\u017cona poprzez odpowiedni\u0105 konfiguracj\u0119 przegl\u0105darki, a tak\u017ce mo\u017ce zosta\u0107 w ka\u017cdym momencie wycofana, w szczeg\u00f3lno\u015bci poprzez wyczyszczenie historii cookies oraz wy\u0142\u0105czenie obs\u0142ugi cookies w ustawieniach przegl\u0105darki.<\/p>\n\n\n\n<p>Okres przetwarzania danych przez Administratora zale\u017cy od rodzaju \u015bwiadczonej us\u0142ugi i celu przetwarzania. Co do zasady dane przetwarzane s\u0105 przez czas \u015bwiadczenia us\u0142ugi, do czasu wycofania wyra\u017conej zgody lub zg\u0142oszenia skutecznego sprzeciwu wzgl\u0119dem przetwarzania danych w przypadkach, gdy podstaw\u0105 prawn\u0105 przetwarzania danych jest uzasadniony interes Administratora. Okres przetwarzania danych mo\u017ce by\u0107 przed\u0142u\u017cony w przypadku, gdy przetwarzanie jest niezb\u0119dne do ustalenia i dochodzenia ewentualnych roszcze\u0144 lub obrony przed nimi, a po tym czasie jedynie w przypadku i w zakresie, w jakim b\u0119d\u0105 wymaga\u0107 tego przepisy prawa. Po up\u0142ywie okresu przetwarzania dane s\u0105 nieodwracalnie usuwane lub anonimizowane.<\/p>\n\n\n\n<p><strong>U\u017cytkownikowi przys\u0142uguj\u0105 nast\u0119puj\u0105ce prawa:<\/strong><\/p>\n\n\n\n<ul class=\"wp-block-list\">\n<li>Prawo do informacji o przetwarzaniu danych osobowych \u2013 w przypadku zg\u0142oszenia takiego \u017c\u0105dania Administrator przekazuje informacj\u0119 o przetwarzaniu danych osobowych, w tym przede wszystkim o celach i podstawach prawnych przetwarzania, zakresie posiadanych danych, podmiotach, kt\u00f3rym dane osobowe s\u0105 ujawniane i planowanym terminie ich usuni\u0119cia;<\/li>\n\n\n\n<li>Prawo uzyskania kopii danych \u2013 w przypadku zg\u0142oszenia takiego \u017c\u0105dania Administrator przekazuje kopi\u0119 przetwarzanych danych, dotycz\u0105cych osoby zg\u0142aszaj\u0105cej \u017c\u0105danie;<\/li>\n\n\n\n<li>Prawo do sprostowania \u2013 w przypadku zg\u0142oszenia takiego \u017c\u0105dania Administrator usuwa ewentualne niezgodno\u015bci lub b\u0142\u0119dy dotycz\u0105ce przetwarzanych danych osobowych, oraz uzupe\u0142nia je lub aktualizuje, je\u015bli s\u0105 niekompletne lub uleg\u0142y zmianie;<\/li>\n\n\n\n<li>Prawo do usuni\u0119cia danych;<\/li>\n\n\n\n<li>Prawo do ograniczenia przetwarzania \u2013 w przypadku zg\u0142oszenia takiego \u017c\u0105dania Administrator zaprzestaje dokonywania operacji na danych osobowych, z wyj\u0105tkiem operacji, na kt\u00f3re wyrazi\u0142a zgod\u0119 osoba, kt\u00f3rej dane dotycz\u0105 oraz ich przechowywania, zgodnie z przyj\u0119tymi zasadami retencji;<\/li>\n\n\n\n<li>Prawo do przenoszenia danych \u2013 w przypadku zg\u0142oszenia takiego \u017c\u0105dania, Administrator wydaje dane dostarczone przez osob\u0119, kt\u00f3rej one dotycz\u0105, w formacie pozwalaj\u0105cym na ich odczyt przez komputer. Mo\u017cliwe jest tak\u017ce za\u017c\u0105danie przes\u0142ania tych danych innemu podmiotowi \u2013 jednak pod warunkiem, \u017ce istniej\u0105 w tym zakresie techniczne mo\u017cliwo\u015bci zar\u00f3wno po stronie Administratora jak i tego innego podmiotu;<\/li>\n\n\n\n<li>Prawo sprzeciwu wobec przetwarzania danych w celach marketingowych \u2013 osoba, kt\u00f3rej dane dotycz\u0105, mo\u017ce w ka\u017cdym czasie sprzeciwi\u0107 si\u0119 przetwarzaniu danych osobowych w celach marketingowych, bez konieczno\u015bci uzasadnienia takiego sprzeciwu;<\/li>\n\n\n\n<li>Prawo sprzeciwu wobec innych cel\u00f3w przetwarzania danych \u2013 osoba, kt\u00f3rej dane dotycz\u0105, mo\u017ce w ka\u017cdym czasie sprzeciwi\u0107 si\u0119 przetwarzaniu danych osobowych na podstawie uzasadnionego interesu Administratora (np. dla cel\u00f3w analitycznych lub statystycznych lub ze wzgl\u0119d\u00f3w zwi\u0105zanych z ochron\u0105 mienia). Sprzeciw w tym zakresie powinien zawiera\u0107 uzasadnienie oraz podlega ocenie Administratora;<\/li>\n\n\n\n<li>Prawo wycofania zgody \u2013 je\u015bli dane przetwarzane s\u0105 na podstawie zgody osoba, kt\u00f3rej dane dotycz\u0105, ma prawo j\u0105 wycofa\u0107 w dowolnym momencie, co jednak nie wp\u0142ywa na zgodno\u015b\u0107 z prawem przetwarzania dokonanego przed wycofaniem tej zgody;<\/li>\n\n\n\n<li>Prawo do skargi \u2013 w przypadku uznania, \u017ce przetwarzanie danych osobowych narusza przepisy RODO lub inne przepisy dotycz\u0105ce ochrony danych osobowych, osoba, kt\u00f3rej dane dotycz\u0105, mo\u017ce z\u0142o\u017cy\u0107 skarg\u0119 do Prezesa Urz\u0119du Ochrony Danych Osobowych.<\/li>\n<\/ul>\n\n\n\n<p>Wniosek dotycz\u0105cy realizacji praw podmiot\u00f3w danych, mo\u017cna z\u0142o\u017cy\u0107 w formie pisemnej na adres: Provider Sp. z o. o, ul. Grabiszy\u0144ska 163, 53-439 Wroc\u0142aw; drog\u0105 e-mailow\u0105 na adres: admin.gdpr@provider-group.com. Odpowied\u017a na wniosek zostanie udzielona w ci\u0105gu miesi\u0105ca od jego otrzymania. W zwi\u0105zku z realizacj\u0105 us\u0142ug dane osobowe b\u0119d\u0105 ujawniane zewn\u0119trznym podmiotom, w tym w szczeg\u00f3lno\u015bci dostawcom odpowiedzialnym za obs\u0142ug\u0119 system\u00f3w informatycznych, podmiotom takim jak banki i operatorzy p\u0142atno\u015bci, podmioty \u015bwiadcz\u0105ce us\u0142ugi ksi\u0119gowe, prawne, audytowe, konsultingowe. Administrator na bie\u017c\u0105co prowadzi analiz\u0119 ryzyka w celu zapewnienia, \u017ce dane osobowe przetwarzane s\u0105 przez niego w spos\u00f3b bezpieczny \u2013 zapewniaj\u0105cy przede wszystkim, \u017ce dost\u0119p do danych maj\u0105 jedynie osoby upowa\u017cnione i jedynie w zakresie, w jakim jest to niezb\u0119dne ze wzgl\u0119du na wykonywane przez nie zadania. Administrator dba o to, by wszystkie operacje na danych osobowych by\u0142y rejestrowane i dokonywane jedynie przez uprawnionych pracownik\u00f3w i wsp\u00f3\u0142pracownik\u00f3w. Administrator podejmuje wszelkie niezb\u0119dne dzia\u0142ania, by tak\u017ce jego podwykonawcy i inne podmioty wsp\u00f3\u0142pracuj\u0105ce dawa\u0142y gwarancj\u0119 stosowania odpowiednich \u015brodk\u00f3w bezpiecze\u0144stwa w ka\u017cdym przypadku, gdy przetwarzaj\u0105 dane osobowe na zlecenie Administratora.<\/p>\n\n\n\n<p>Kontakt z Administratorem jest mo\u017cliwy poprzez adres e-mail admin.gdpr@provider-group.com, adres korespondencyjny: \nProvider Sp. z o. o, ul. Grabiszy\u0144ska 163, 53-439 Wroc\u0142aw<\/p>","protected":false},"excerpt":{"rendered":"<p>In connection with the use of the webpage by the User, the Controller collects personal data to the extent necessary to provide individual offered services, as well as information about the User\u2019s activity. Personal data of all the persons using the webpage (including the IP address or other identifiers and information collected via cookies or [&hellip;]<\/p>","protected":false},"author":1,"featured_media":0,"parent":0,"menu_order":0,"comment_status":"closed","ping_status":"open","template":"","meta":{"_acf_changed":false,"footnotes":"","_wp_rev_ctl_limit":""},"class_list":["post-3","page","type-page","status-publish","hentry"],"acf":[],"yoast_head":"<!-- This site is optimized with the Yoast SEO plugin v26.0 - https:\/\/yoast.com\/wordpress\/plugins\/seo\/ -->\n<title>Privacy Policy - Provider Group<\/title>\n<meta name=\"robots\" content=\"index, follow, max-snippet:-1, max-image-preview:large, max-video-preview:-1\" \/>\n<link rel=\"canonical\" href=\"https:\/\/provider-group.com\/pl\/privacy-policy\/\" \/>\n<meta property=\"og:locale\" content=\"pl_PL\" \/>\n<meta property=\"og:type\" content=\"article\" \/>\n<meta property=\"og:title\" content=\"Privacy Policy - Provider Group\" \/>\n<meta property=\"og:description\" content=\"In connection with the use of the webpage by the User, the Controller collects personal data to the extent necessary to provide individual offered services, as well as information about the User\u2019s activity. Personal data of all the persons using the webpage (including the IP address or other identifiers and information collected via cookies or [&hellip;]\" \/>\n<meta property=\"og:url\" content=\"https:\/\/provider-group.com\/pl\/privacy-policy\/\" \/>\n<meta property=\"og:site_name\" content=\"Provider Group\" \/>\n<meta property=\"article:modified_time\" content=\"2025-02-07T13:44:49+00:00\" \/>\n<meta name=\"twitter:card\" content=\"summary_large_image\" \/>\n<meta name=\"twitter:label1\" content=\"Szacowany czas czytania\" \/>\n\t<meta name=\"twitter:data1\" content=\"8 minut\" \/>\n<script type=\"application\/ld+json\" class=\"yoast-schema-graph\">{\"@context\":\"https:\/\/schema.org\",\"@graph\":[{\"@type\":\"WebPage\",\"@id\":\"https:\/\/provider-group.com\/privacy-policy\/\",\"url\":\"https:\/\/provider-group.com\/privacy-policy\/\",\"name\":\"Privacy Policy - Provider Group\",\"isPartOf\":{\"@id\":\"https:\/\/provider-group.com\/#website\"},\"datePublished\":\"2021-07-12T07:54:19+00:00\",\"dateModified\":\"2025-02-07T13:44:49+00:00\",\"breadcrumb\":{\"@id\":\"https:\/\/provider-group.com\/privacy-policy\/#breadcrumb\"},\"inLanguage\":\"pl-PL\",\"potentialAction\":[{\"@type\":\"ReadAction\",\"target\":[\"https:\/\/provider-group.com\/privacy-policy\/\"]}]},{\"@type\":\"BreadcrumbList\",\"@id\":\"https:\/\/provider-group.com\/privacy-policy\/#breadcrumb\",\"itemListElement\":[{\"@type\":\"ListItem\",\"position\":1,\"name\":\"Home\",\"item\":\"https:\/\/provider-group.com\/\"},{\"@type\":\"ListItem\",\"position\":2,\"name\":\"Privacy Policy\"}]},{\"@type\":\"WebSite\",\"@id\":\"https:\/\/provider-group.com\/#website\",\"url\":\"https:\/\/provider-group.com\/\",\"name\":\"Provider Group\",\"description\":\"We create solutions\",\"potentialAction\":[{\"@type\":\"SearchAction\",\"target\":{\"@type\":\"EntryPoint\",\"urlTemplate\":\"https:\/\/provider-group.com\/?s={search_term_string}\"},\"query-input\":{\"@type\":\"PropertyValueSpecification\",\"valueRequired\":true,\"valueName\":\"search_term_string\"}}],\"inLanguage\":\"pl-PL\"}]}<\/script>\n<!-- \/ Yoast SEO plugin. -->","yoast_head_json":{"title":"Privacy Policy - Provider Group","robots":{"index":"index","follow":"follow","max-snippet":"max-snippet:-1","max-image-preview":"max-image-preview:large","max-video-preview":"max-video-preview:-1"},"canonical":"https:\/\/provider-group.com\/pl\/privacy-policy\/","og_locale":"pl_PL","og_type":"article","og_title":"Privacy Policy - Provider Group","og_description":"In connection with the use of the webpage by the User, the Controller collects personal data to the extent necessary to provide individual offered services, as well as information about the User\u2019s activity. Personal data of all the persons using the webpage (including the IP address or other identifiers and information collected via cookies or [&hellip;]","og_url":"https:\/\/provider-group.com\/pl\/privacy-policy\/","og_site_name":"Provider Group","article_modified_time":"2025-02-07T13:44:49+00:00","twitter_card":"summary_large_image","twitter_misc":{"Szacowany czas czytania":"8 minut"},"schema":{"@context":"https:\/\/schema.org","@graph":[{"@type":"WebPage","@id":"https:\/\/provider-group.com\/privacy-policy\/","url":"https:\/\/provider-group.com\/privacy-policy\/","name":"Privacy Policy - Provider Group","isPartOf":{"@id":"https:\/\/provider-group.com\/#website"},"datePublished":"2021-07-12T07:54:19+00:00","dateModified":"2025-02-07T13:44:49+00:00","breadcrumb":{"@id":"https:\/\/provider-group.com\/privacy-policy\/#breadcrumb"},"inLanguage":"pl-PL","potentialAction":[{"@type":"ReadAction","target":["https:\/\/provider-group.com\/privacy-policy\/"]}]},{"@type":"BreadcrumbList","@id":"https:\/\/provider-group.com\/privacy-policy\/#breadcrumb","itemListElement":[{"@type":"ListItem","position":1,"name":"Home","item":"https:\/\/provider-group.com\/"},{"@type":"ListItem","position":2,"name":"Privacy Policy"}]},{"@type":"WebSite","@id":"https:\/\/provider-group.com\/#website","url":"https:\/\/provider-group.com\/","name":"Provider Group","description":"We create solutions","potentialAction":[{"@type":"SearchAction","target":{"@type":"EntryPoint","urlTemplate":"https:\/\/provider-group.com\/?s={search_term_string}"},"query-input":{"@type":"PropertyValueSpecification","valueRequired":true,"valueName":"search_term_string"}}],"inLanguage":"pl-PL"}]}},"_links":{"self":[{"href":"https:\/\/provider-group.com\/pl\/wp-json\/wp\/v2\/pages\/3","targetHints":{"allow":["GET"]}}],"collection":[{"href":"https:\/\/provider-group.com\/pl\/wp-json\/wp\/v2\/pages"}],"about":[{"href":"https:\/\/provider-group.com\/pl\/wp-json\/wp\/v2\/types\/page"}],"author":[{"embeddable":true,"href":"https:\/\/provider-group.com\/pl\/wp-json\/wp\/v2\/users\/1"}],"replies":[{"embeddable":true,"href":"https:\/\/provider-group.com\/pl\/wp-json\/wp\/v2\/comments?post=3"}],"version-history":[{"count":4,"href":"https:\/\/provider-group.com\/pl\/wp-json\/wp\/v2\/pages\/3\/revisions"}],"predecessor-version":[{"id":69,"href":"https:\/\/provider-group.com\/pl\/wp-json\/wp\/v2\/pages\/3\/revisions\/69"}],"wp:attachment":[{"href":"https:\/\/provider-group.com\/pl\/wp-json\/wp\/v2\/media?parent=3"}],"curies":[{"name":"wp","href":"https:\/\/api.w.org\/{rel}","templated":true}]}}